{"id":6041,"date":"2025-07-22T09:53:05","date_gmt":"2025-07-22T12:53:05","guid":{"rendered":"https:\/\/aureadermatologia.com.br\/home\/?page_id=6041"},"modified":"2025-07-22T11:34:02","modified_gmt":"2025-07-22T14:34:02","slug":"dra-cristiane","status":"publish","type":"page","link":"https:\/\/aureadermatologia.com.br\/home\/corpo-clinico\/dra-cristiane\/","title":{"rendered":"Dra Cristiane Gondim"},"content":{"rendered":"","protected":false},"excerpt":{"rendered":"","protected":false},"author":8,"featured_media":6074,"parent":4109,"menu_order":0,"comment_status":"closed","ping_status":"closed","template":"","meta":{"_acf_changed":false,"footnotes":""},"class_list":["post-6041","page","type-page","status-publish","has-post-thumbnail","hentry"],"acf":[],"yoast_head":"<!-- This site is optimized with the Yoast SEO plugin v22.7 - https:\/\/yoast.com\/wordpress\/plugins\/seo\/ -->\n<title>Dra. Cristiane Gondim | Dermatologista em Salvador<\/title>\n<meta name=\"description\" content=\"A Dra. Cristiane Gondim enxerga a est\u00e9tica como uma poderosa ferramenta de reconex\u00e3o com o espelho, com a autoestima e com a pr\u00f3pria ess\u00eancia.\" \/>\n<meta name=\"robots\" content=\"index, follow, max-snippet:-1, max-image-preview:large, max-video-preview:-1\" \/>\n<link rel=\"canonical\" href=\"https:\/\/aureadermatologia.com.br\/home\/corpo-clinico\/dra-cristiane\/\" \/>\n<meta property=\"og:locale\" content=\"pt_BR\" \/>\n<meta property=\"og:type\" content=\"article\" \/>\n<meta property=\"og:title\" content=\"Dra. Cristiane Gondim | Dermatologista em Salvador\" \/>\n<meta property=\"og:description\" content=\"A Dra. Cristiane Gondim enxerga a est\u00e9tica como uma poderosa ferramenta de reconex\u00e3o com o espelho, com a autoestima e com a pr\u00f3pria ess\u00eancia.\" \/>\n<meta property=\"og:url\" content=\"https:\/\/aureadermatologia.com.br\/home\/corpo-clinico\/dra-cristiane\/\" \/>\n<meta property=\"og:site_name\" content=\"Aurea Dermatologia Integrada\" \/>\n<meta property=\"article:publisher\" content=\"https:\/\/www.facebook.com\/aurea.dermatologia\/\" \/>\n<meta property=\"article:modified_time\" content=\"2025-07-22T14:34:02+00:00\" \/>\n<meta property=\"og:image\" content=\"https:\/\/aureadermatologia.com.br\/home\/wp-content\/uploads\/2025\/07\/WhatsApp_Image_2025-06-26_at_15.45.20.jpeg\" \/>\n\t<meta property=\"og:image:width\" content=\"853\" \/>\n\t<meta property=\"og:image:height\" content=\"1280\" \/>\n\t<meta property=\"og:image:type\" content=\"image\/jpeg\" \/>\n<meta name=\"twitter:card\" content=\"summary_large_image\" \/>\n<meta name=\"twitter:label1\" content=\"Est. tempo de leitura\" \/>\n\t<meta name=\"twitter:data1\" content=\"1 minuto\" \/>\n<script type=\"application\/ld+json\" class=\"yoast-schema-graph\">{\"@context\":\"https:\/\/schema.org\",\"@graph\":[{\"@type\":\"WebPage\",\"@id\":\"https:\/\/aureadermatologia.com.br\/home\/corpo-clinico\/dra-cristiane\/\",\"url\":\"https:\/\/aureadermatologia.com.br\/home\/corpo-clinico\/dra-cristiane\/\",\"name\":\"Dra. Cristiane Gondim | Dermatologista em Salvador\",\"isPartOf\":{\"@id\":\"https:\/\/aureadermatologia.com.br\/home\/#website\"},\"primaryImageOfPage\":{\"@id\":\"https:\/\/aureadermatologia.com.br\/home\/corpo-clinico\/dra-cristiane\/#primaryimage\"},\"image\":{\"@id\":\"https:\/\/aureadermatologia.com.br\/home\/corpo-clinico\/dra-cristiane\/#primaryimage\"},\"thumbnailUrl\":\"https:\/\/aureadermatologia.com.br\/home\/wp-content\/uploads\/2025\/07\/WhatsApp_Image_2025-06-26_at_15.45.20.jpeg\",\"datePublished\":\"2025-07-22T12:53:05+00:00\",\"dateModified\":\"2025-07-22T14:34:02+00:00\",\"description\":\"A Dra. Cristiane Gondim enxerga a est\u00e9tica como uma poderosa ferramenta de reconex\u00e3o com o espelho, com a autoestima e com a pr\u00f3pria ess\u00eancia.\",\"breadcrumb\":{\"@id\":\"https:\/\/aureadermatologia.com.br\/home\/corpo-clinico\/dra-cristiane\/#breadcrumb\"},\"inLanguage\":\"pt-BR\",\"potentialAction\":[{\"@type\":\"ReadAction\",\"target\":[\"https:\/\/aureadermatologia.com.br\/home\/corpo-clinico\/dra-cristiane\/\"]}]},{\"@type\":\"ImageObject\",\"inLanguage\":\"pt-BR\",\"@id\":\"https:\/\/aureadermatologia.com.br\/home\/corpo-clinico\/dra-cristiane\/#primaryimage\",\"url\":\"https:\/\/aureadermatologia.com.br\/home\/wp-content\/uploads\/2025\/07\/WhatsApp_Image_2025-06-26_at_15.45.20.jpeg\",\"contentUrl\":\"https:\/\/aureadermatologia.com.br\/home\/wp-content\/uploads\/2025\/07\/WhatsApp_Image_2025-06-26_at_15.45.20.jpeg\",\"width\":853,\"height\":1280},{\"@type\":\"BreadcrumbList\",\"@id\":\"https:\/\/aureadermatologia.com.br\/home\/corpo-clinico\/dra-cristiane\/#breadcrumb\",\"itemListElement\":[{\"@type\":\"ListItem\",\"position\":1,\"name\":\"In\u00edcio\",\"item\":\"https:\/\/aureadermatologia.com.br\/home\/\"},{\"@type\":\"ListItem\",\"position\":2,\"name\":\"Corpo Cl\u00ednico\",\"item\":\"https:\/\/aureadermatologia.com.br\/home\/corpo-clinico\/\"},{\"@type\":\"ListItem\",\"position\":3,\"name\":\"Dra Cristiane Gondim\"}]},{\"@type\":\"WebSite\",\"@id\":\"https:\/\/aureadermatologia.com.br\/home\/#website\",\"url\":\"https:\/\/aureadermatologia.com.br\/home\/\",\"name\":\"Aurea Dermatologia Integrada\",\"description\":\"Uma Cl\u00ednica de dermatologia que tamb\u00e9m \u00e9 uma galeria de arte.  Dermatologistas de excel\u00eancia. As melhores t\u00e9cnicas e produtos de qualidade  para tratamentos personalizados e resultados naturais.\",\"publisher\":{\"@id\":\"https:\/\/aureadermatologia.com.br\/home\/#organization\"},\"potentialAction\":[{\"@type\":\"SearchAction\",\"target\":{\"@type\":\"EntryPoint\",\"urlTemplate\":\"https:\/\/aureadermatologia.com.br\/home\/?s={search_term_string}\"},\"query-input\":\"required name=search_term_string\"}],\"inLanguage\":\"pt-BR\"},{\"@type\":\"Organization\",\"@id\":\"https:\/\/aureadermatologia.com.br\/home\/#organization\",\"name\":\"Aurea Dermatologia Integrada\",\"url\":\"https:\/\/aureadermatologia.com.br\/home\/\",\"logo\":{\"@type\":\"ImageObject\",\"inLanguage\":\"pt-BR\",\"@id\":\"https:\/\/aureadermatologia.com.br\/home\/#\/schema\/logo\/image\/\",\"url\":\"https:\/\/aureadermatologia.com.br\/home\/wp-content\/uploads\/2022\/11\/Marca-Aurea-Dermo-03.png\",\"contentUrl\":\"https:\/\/aureadermatologia.com.br\/home\/wp-content\/uploads\/2022\/11\/Marca-Aurea-Dermo-03.png\",\"width\":3509,\"height\":2481,\"caption\":\"Aurea Dermatologia Integrada\"},\"image\":{\"@id\":\"https:\/\/aureadermatologia.com.br\/home\/#\/schema\/logo\/image\/\"},\"sameAs\":[\"https:\/\/www.facebook.com\/aurea.dermatologia\/\",\"https:\/\/www.instagram.com\/aurea.dermatologia\/\",\"https:\/\/www.youtube.com\/@aurea.dermatologia\/\"]}]}<\/script>\n<!-- \/ Yoast SEO plugin. -->","yoast_head_json":{"title":"Dra. Cristiane Gondim | Dermatologista em Salvador","description":"A Dra. Cristiane Gondim enxerga a est\u00e9tica como uma poderosa ferramenta de reconex\u00e3o com o espelho, com a autoestima e com a pr\u00f3pria ess\u00eancia.","robots":{"index":"index","follow":"follow","max-snippet":"max-snippet:-1","max-image-preview":"max-image-preview:large","max-video-preview":"max-video-preview:-1"},"canonical":"https:\/\/aureadermatologia.com.br\/home\/corpo-clinico\/dra-cristiane\/","og_locale":"pt_BR","og_type":"article","og_title":"Dra. Cristiane Gondim | Dermatologista em Salvador","og_description":"A Dra. Cristiane Gondim enxerga a est\u00e9tica como uma poderosa ferramenta de reconex\u00e3o com o espelho, com a autoestima e com a pr\u00f3pria ess\u00eancia.","og_url":"https:\/\/aureadermatologia.com.br\/home\/corpo-clinico\/dra-cristiane\/","og_site_name":"Aurea Dermatologia Integrada","article_publisher":"https:\/\/www.facebook.com\/aurea.dermatologia\/","article_modified_time":"2025-07-22T14:34:02+00:00","og_image":[{"width":853,"height":1280,"url":"https:\/\/aureadermatologia.com.br\/home\/wp-content\/uploads\/2025\/07\/WhatsApp_Image_2025-06-26_at_15.45.20.jpeg","type":"image\/jpeg"}],"twitter_card":"summary_large_image","twitter_misc":{"Est. tempo de leitura":"1 minuto"},"schema":{"@context":"https:\/\/schema.org","@graph":[{"@type":"WebPage","@id":"https:\/\/aureadermatologia.com.br\/home\/corpo-clinico\/dra-cristiane\/","url":"https:\/\/aureadermatologia.com.br\/home\/corpo-clinico\/dra-cristiane\/","name":"Dra. Cristiane Gondim | Dermatologista em Salvador","isPartOf":{"@id":"https:\/\/aureadermatologia.com.br\/home\/#website"},"primaryImageOfPage":{"@id":"https:\/\/aureadermatologia.com.br\/home\/corpo-clinico\/dra-cristiane\/#primaryimage"},"image":{"@id":"https:\/\/aureadermatologia.com.br\/home\/corpo-clinico\/dra-cristiane\/#primaryimage"},"thumbnailUrl":"https:\/\/aureadermatologia.com.br\/home\/wp-content\/uploads\/2025\/07\/WhatsApp_Image_2025-06-26_at_15.45.20.jpeg","datePublished":"2025-07-22T12:53:05+00:00","dateModified":"2025-07-22T14:34:02+00:00","description":"A Dra. Cristiane Gondim enxerga a est\u00e9tica como uma poderosa ferramenta de reconex\u00e3o com o espelho, com a autoestima e com a pr\u00f3pria ess\u00eancia.","breadcrumb":{"@id":"https:\/\/aureadermatologia.com.br\/home\/corpo-clinico\/dra-cristiane\/#breadcrumb"},"inLanguage":"pt-BR","potentialAction":[{"@type":"ReadAction","target":["https:\/\/aureadermatologia.com.br\/home\/corpo-clinico\/dra-cristiane\/"]}]},{"@type":"ImageObject","inLanguage":"pt-BR","@id":"https:\/\/aureadermatologia.com.br\/home\/corpo-clinico\/dra-cristiane\/#primaryimage","url":"https:\/\/aureadermatologia.com.br\/home\/wp-content\/uploads\/2025\/07\/WhatsApp_Image_2025-06-26_at_15.45.20.jpeg","contentUrl":"https:\/\/aureadermatologia.com.br\/home\/wp-content\/uploads\/2025\/07\/WhatsApp_Image_2025-06-26_at_15.45.20.jpeg","width":853,"height":1280},{"@type":"BreadcrumbList","@id":"https:\/\/aureadermatologia.com.br\/home\/corpo-clinico\/dra-cristiane\/#breadcrumb","itemListElement":[{"@type":"ListItem","position":1,"name":"In\u00edcio","item":"https:\/\/aureadermatologia.com.br\/home\/"},{"@type":"ListItem","position":2,"name":"Corpo Cl\u00ednico","item":"https:\/\/aureadermatologia.com.br\/home\/corpo-clinico\/"},{"@type":"ListItem","position":3,"name":"Dra Cristiane Gondim"}]},{"@type":"WebSite","@id":"https:\/\/aureadermatologia.com.br\/home\/#website","url":"https:\/\/aureadermatologia.com.br\/home\/","name":"Aurea Dermatologia Integrada","description":"Uma Cl\u00ednica de dermatologia que tamb\u00e9m \u00e9 uma galeria de arte.  Dermatologistas de excel\u00eancia. As melhores t\u00e9cnicas e produtos de qualidade  para tratamentos personalizados e resultados naturais.","publisher":{"@id":"https:\/\/aureadermatologia.com.br\/home\/#organization"},"potentialAction":[{"@type":"SearchAction","target":{"@type":"EntryPoint","urlTemplate":"https:\/\/aureadermatologia.com.br\/home\/?s={search_term_string}"},"query-input":"required name=search_term_string"}],"inLanguage":"pt-BR"},{"@type":"Organization","@id":"https:\/\/aureadermatologia.com.br\/home\/#organization","name":"Aurea Dermatologia Integrada","url":"https:\/\/aureadermatologia.com.br\/home\/","logo":{"@type":"ImageObject","inLanguage":"pt-BR","@id":"https:\/\/aureadermatologia.com.br\/home\/#\/schema\/logo\/image\/","url":"https:\/\/aureadermatologia.com.br\/home\/wp-content\/uploads\/2022\/11\/Marca-Aurea-Dermo-03.png","contentUrl":"https:\/\/aureadermatologia.com.br\/home\/wp-content\/uploads\/2022\/11\/Marca-Aurea-Dermo-03.png","width":3509,"height":2481,"caption":"Aurea Dermatologia Integrada"},"image":{"@id":"https:\/\/aureadermatologia.com.br\/home\/#\/schema\/logo\/image\/"},"sameAs":["https:\/\/www.facebook.com\/aurea.dermatologia\/","https:\/\/www.instagram.com\/aurea.dermatologia\/","https:\/\/www.youtube.com\/@aurea.dermatologia\/"]}]}},"_links":{"self":[{"href":"https:\/\/aureadermatologia.com.br\/home\/wp-json\/wp\/v2\/pages\/6041","targetHints":{"allow":["GET"]}}],"collection":[{"href":"https:\/\/aureadermatologia.com.br\/home\/wp-json\/wp\/v2\/pages"}],"about":[{"href":"https:\/\/aureadermatologia.com.br\/home\/wp-json\/wp\/v2\/types\/page"}],"author":[{"embeddable":true,"href":"https:\/\/aureadermatologia.com.br\/home\/wp-json\/wp\/v2\/users\/8"}],"replies":[{"embeddable":true,"href":"https:\/\/aureadermatologia.com.br\/home\/wp-json\/wp\/v2\/comments?post=6041"}],"version-history":[{"count":6,"href":"https:\/\/aureadermatologia.com.br\/home\/wp-json\/wp\/v2\/pages\/6041\/revisions"}],"predecessor-version":[{"id":6107,"href":"https:\/\/aureadermatologia.com.br\/home\/wp-json\/wp\/v2\/pages\/6041\/revisions\/6107"}],"up":[{"embeddable":true,"href":"https:\/\/aureadermatologia.com.br\/home\/wp-json\/wp\/v2\/pages\/4109"}],"wp:featuredmedia":[{"embeddable":true,"href":"https:\/\/aureadermatologia.com.br\/home\/wp-json\/wp\/v2\/media\/6074"}],"wp:attachment":[{"href":"https:\/\/aureadermatologia.com.br\/home\/wp-json\/wp\/v2\/media?parent=6041"}],"curies":[{"name":"wp","href":"https:\/\/api.w.org\/{rel}","templated":true}]}}