{"id":4973,"date":"2022-12-30T14:29:06","date_gmt":"2022-12-30T17:29:06","guid":{"rendered":"https:\/\/aureadermatologia.com.br\/home\/?page_id=4973"},"modified":"2024-04-09T16:58:05","modified_gmt":"2024-04-09T19:58:05","slug":"camila-ponde","status":"publish","type":"page","link":"https:\/\/aureadermatologia.com.br\/home\/corpo-clinico\/camila-ponde\/","title":{"rendered":"Camila Pond\u00e9"},"content":{"rendered":"","protected":false},"excerpt":{"rendered":"","protected":false},"author":1,"featured_media":5415,"parent":4109,"menu_order":0,"comment_status":"closed","ping_status":"closed","template":"","meta":{"_acf_changed":false,"footnotes":""},"class_list":["post-4973","page","type-page","status-publish","has-post-thumbnail","hentry"],"acf":[],"yoast_head":"<!-- This site is optimized with the Yoast SEO plugin v22.7 - https:\/\/yoast.com\/wordpress\/plugins\/seo\/ -->\n<title>Camila Pond\u00e9 | Fisioterapia Est\u00e9tica Avan\u00e7ada em Salvador<\/title>\n<meta name=\"description\" content=\"Camila Pond\u00e9 se dedica \u00e0 constru\u00e7\u00e3o da melhor vers\u00e3o dos pacientes, atrav\u00e9s das tecnologias dispon\u00edveis na cl\u00ednica.\" \/>\n<meta name=\"robots\" content=\"index, follow, max-snippet:-1, max-image-preview:large, max-video-preview:-1\" \/>\n<link rel=\"canonical\" href=\"https:\/\/aureadermatologia.com.br\/home\/corpo-clinico\/camila-ponde\/\" \/>\n<meta property=\"og:locale\" content=\"pt_BR\" \/>\n<meta property=\"og:type\" content=\"article\" \/>\n<meta property=\"og:title\" content=\"Camila Pond\u00e9 | Fisioterapia Est\u00e9tica Avan\u00e7ada em Salvador\" \/>\n<meta property=\"og:description\" content=\"Camila Pond\u00e9 se dedica \u00e0 constru\u00e7\u00e3o da melhor vers\u00e3o dos pacientes, atrav\u00e9s das tecnologias dispon\u00edveis na cl\u00ednica.\" \/>\n<meta property=\"og:url\" content=\"https:\/\/aureadermatologia.com.br\/home\/corpo-clinico\/camila-ponde\/\" \/>\n<meta property=\"og:site_name\" content=\"Aurea Dermatologia Integrada\" \/>\n<meta property=\"article:publisher\" content=\"https:\/\/www.facebook.com\/aurea.dermatologia\/\" \/>\n<meta property=\"article:modified_time\" content=\"2024-04-09T19:58:05+00:00\" \/>\n<meta property=\"og:image\" content=\"https:\/\/aureadermatologia.com.br\/home\/wp-content\/uploads\/2023\/03\/camila-ponde.jpg\" \/>\n\t<meta property=\"og:image:width\" content=\"1638\" \/>\n\t<meta property=\"og:image:height\" content=\"2048\" \/>\n\t<meta property=\"og:image:type\" content=\"image\/jpeg\" \/>\n<meta name=\"twitter:card\" content=\"summary_large_image\" \/>\n<meta name=\"twitter:label1\" content=\"Est. tempo de leitura\" \/>\n\t<meta name=\"twitter:data1\" content=\"1 minuto\" \/>\n<script type=\"application\/ld+json\" class=\"yoast-schema-graph\">{\"@context\":\"https:\/\/schema.org\",\"@graph\":[{\"@type\":\"WebPage\",\"@id\":\"https:\/\/aureadermatologia.com.br\/home\/corpo-clinico\/camila-ponde\/\",\"url\":\"https:\/\/aureadermatologia.com.br\/home\/corpo-clinico\/camila-ponde\/\",\"name\":\"Camila Pond\u00e9 | Fisioterapia Est\u00e9tica Avan\u00e7ada em Salvador\",\"isPartOf\":{\"@id\":\"https:\/\/aureadermatologia.com.br\/home\/#website\"},\"primaryImageOfPage\":{\"@id\":\"https:\/\/aureadermatologia.com.br\/home\/corpo-clinico\/camila-ponde\/#primaryimage\"},\"image\":{\"@id\":\"https:\/\/aureadermatologia.com.br\/home\/corpo-clinico\/camila-ponde\/#primaryimage\"},\"thumbnailUrl\":\"https:\/\/aureadermatologia.com.br\/home\/wp-content\/uploads\/2023\/03\/camila-ponde.jpg\",\"datePublished\":\"2022-12-30T17:29:06+00:00\",\"dateModified\":\"2024-04-09T19:58:05+00:00\",\"description\":\"Camila Pond\u00e9 se dedica \u00e0 constru\u00e7\u00e3o da melhor vers\u00e3o dos pacientes, atrav\u00e9s das tecnologias dispon\u00edveis na cl\u00ednica.\",\"breadcrumb\":{\"@id\":\"https:\/\/aureadermatologia.com.br\/home\/corpo-clinico\/camila-ponde\/#breadcrumb\"},\"inLanguage\":\"pt-BR\",\"potentialAction\":[{\"@type\":\"ReadAction\",\"target\":[\"https:\/\/aureadermatologia.com.br\/home\/corpo-clinico\/camila-ponde\/\"]}]},{\"@type\":\"ImageObject\",\"inLanguage\":\"pt-BR\",\"@id\":\"https:\/\/aureadermatologia.com.br\/home\/corpo-clinico\/camila-ponde\/#primaryimage\",\"url\":\"https:\/\/aureadermatologia.com.br\/home\/wp-content\/uploads\/2023\/03\/camila-ponde.jpg\",\"contentUrl\":\"https:\/\/aureadermatologia.com.br\/home\/wp-content\/uploads\/2023\/03\/camila-ponde.jpg\",\"width\":1638,\"height\":2048},{\"@type\":\"BreadcrumbList\",\"@id\":\"https:\/\/aureadermatologia.com.br\/home\/corpo-clinico\/camila-ponde\/#breadcrumb\",\"itemListElement\":[{\"@type\":\"ListItem\",\"position\":1,\"name\":\"In\u00edcio\",\"item\":\"https:\/\/aureadermatologia.com.br\/home\/\"},{\"@type\":\"ListItem\",\"position\":2,\"name\":\"Corpo Cl\u00ednico\",\"item\":\"https:\/\/aureadermatologia.com.br\/home\/corpo-clinico\/\"},{\"@type\":\"ListItem\",\"position\":3,\"name\":\"Camila Pond\u00e9\"}]},{\"@type\":\"WebSite\",\"@id\":\"https:\/\/aureadermatologia.com.br\/home\/#website\",\"url\":\"https:\/\/aureadermatologia.com.br\/home\/\",\"name\":\"Aurea Dermatologia Integrada\",\"description\":\"Uma Cl\u00ednica de dermatologia que tamb\u00e9m \u00e9 uma galeria de arte.  Dermatologistas de excel\u00eancia. As melhores t\u00e9cnicas e produtos de qualidade  para tratamentos personalizados e resultados naturais.\",\"publisher\":{\"@id\":\"https:\/\/aureadermatologia.com.br\/home\/#organization\"},\"potentialAction\":[{\"@type\":\"SearchAction\",\"target\":{\"@type\":\"EntryPoint\",\"urlTemplate\":\"https:\/\/aureadermatologia.com.br\/home\/?s={search_term_string}\"},\"query-input\":\"required name=search_term_string\"}],\"inLanguage\":\"pt-BR\"},{\"@type\":\"Organization\",\"@id\":\"https:\/\/aureadermatologia.com.br\/home\/#organization\",\"name\":\"Aurea Dermatologia Integrada\",\"url\":\"https:\/\/aureadermatologia.com.br\/home\/\",\"logo\":{\"@type\":\"ImageObject\",\"inLanguage\":\"pt-BR\",\"@id\":\"https:\/\/aureadermatologia.com.br\/home\/#\/schema\/logo\/image\/\",\"url\":\"https:\/\/aureadermatologia.com.br\/home\/wp-content\/uploads\/2022\/11\/Marca-Aurea-Dermo-03.png\",\"contentUrl\":\"https:\/\/aureadermatologia.com.br\/home\/wp-content\/uploads\/2022\/11\/Marca-Aurea-Dermo-03.png\",\"width\":3509,\"height\":2481,\"caption\":\"Aurea Dermatologia Integrada\"},\"image\":{\"@id\":\"https:\/\/aureadermatologia.com.br\/home\/#\/schema\/logo\/image\/\"},\"sameAs\":[\"https:\/\/www.facebook.com\/aurea.dermatologia\/\",\"https:\/\/www.instagram.com\/aurea.dermatologia\/\",\"https:\/\/www.youtube.com\/@aurea.dermatologia\/\"]}]}<\/script>\n<!-- \/ Yoast SEO plugin. -->","yoast_head_json":{"title":"Camila Pond\u00e9 | Fisioterapia Est\u00e9tica Avan\u00e7ada em Salvador","description":"Camila Pond\u00e9 se dedica \u00e0 constru\u00e7\u00e3o da melhor vers\u00e3o dos pacientes, atrav\u00e9s das tecnologias dispon\u00edveis na cl\u00ednica.","robots":{"index":"index","follow":"follow","max-snippet":"max-snippet:-1","max-image-preview":"max-image-preview:large","max-video-preview":"max-video-preview:-1"},"canonical":"https:\/\/aureadermatologia.com.br\/home\/corpo-clinico\/camila-ponde\/","og_locale":"pt_BR","og_type":"article","og_title":"Camila Pond\u00e9 | Fisioterapia Est\u00e9tica Avan\u00e7ada em Salvador","og_description":"Camila Pond\u00e9 se dedica \u00e0 constru\u00e7\u00e3o da melhor vers\u00e3o dos pacientes, atrav\u00e9s das tecnologias dispon\u00edveis na cl\u00ednica.","og_url":"https:\/\/aureadermatologia.com.br\/home\/corpo-clinico\/camila-ponde\/","og_site_name":"Aurea Dermatologia Integrada","article_publisher":"https:\/\/www.facebook.com\/aurea.dermatologia\/","article_modified_time":"2024-04-09T19:58:05+00:00","og_image":[{"width":1638,"height":2048,"url":"https:\/\/aureadermatologia.com.br\/home\/wp-content\/uploads\/2023\/03\/camila-ponde.jpg","type":"image\/jpeg"}],"twitter_card":"summary_large_image","twitter_misc":{"Est. tempo de leitura":"1 minuto"},"schema":{"@context":"https:\/\/schema.org","@graph":[{"@type":"WebPage","@id":"https:\/\/aureadermatologia.com.br\/home\/corpo-clinico\/camila-ponde\/","url":"https:\/\/aureadermatologia.com.br\/home\/corpo-clinico\/camila-ponde\/","name":"Camila Pond\u00e9 | Fisioterapia Est\u00e9tica Avan\u00e7ada em Salvador","isPartOf":{"@id":"https:\/\/aureadermatologia.com.br\/home\/#website"},"primaryImageOfPage":{"@id":"https:\/\/aureadermatologia.com.br\/home\/corpo-clinico\/camila-ponde\/#primaryimage"},"image":{"@id":"https:\/\/aureadermatologia.com.br\/home\/corpo-clinico\/camila-ponde\/#primaryimage"},"thumbnailUrl":"https:\/\/aureadermatologia.com.br\/home\/wp-content\/uploads\/2023\/03\/camila-ponde.jpg","datePublished":"2022-12-30T17:29:06+00:00","dateModified":"2024-04-09T19:58:05+00:00","description":"Camila Pond\u00e9 se dedica \u00e0 constru\u00e7\u00e3o da melhor vers\u00e3o dos pacientes, atrav\u00e9s das tecnologias dispon\u00edveis na cl\u00ednica.","breadcrumb":{"@id":"https:\/\/aureadermatologia.com.br\/home\/corpo-clinico\/camila-ponde\/#breadcrumb"},"inLanguage":"pt-BR","potentialAction":[{"@type":"ReadAction","target":["https:\/\/aureadermatologia.com.br\/home\/corpo-clinico\/camila-ponde\/"]}]},{"@type":"ImageObject","inLanguage":"pt-BR","@id":"https:\/\/aureadermatologia.com.br\/home\/corpo-clinico\/camila-ponde\/#primaryimage","url":"https:\/\/aureadermatologia.com.br\/home\/wp-content\/uploads\/2023\/03\/camila-ponde.jpg","contentUrl":"https:\/\/aureadermatologia.com.br\/home\/wp-content\/uploads\/2023\/03\/camila-ponde.jpg","width":1638,"height":2048},{"@type":"BreadcrumbList","@id":"https:\/\/aureadermatologia.com.br\/home\/corpo-clinico\/camila-ponde\/#breadcrumb","itemListElement":[{"@type":"ListItem","position":1,"name":"In\u00edcio","item":"https:\/\/aureadermatologia.com.br\/home\/"},{"@type":"ListItem","position":2,"name":"Corpo Cl\u00ednico","item":"https:\/\/aureadermatologia.com.br\/home\/corpo-clinico\/"},{"@type":"ListItem","position":3,"name":"Camila Pond\u00e9"}]},{"@type":"WebSite","@id":"https:\/\/aureadermatologia.com.br\/home\/#website","url":"https:\/\/aureadermatologia.com.br\/home\/","name":"Aurea Dermatologia Integrada","description":"Uma Cl\u00ednica de dermatologia que tamb\u00e9m \u00e9 uma galeria de arte.  Dermatologistas de excel\u00eancia. As melhores t\u00e9cnicas e produtos de qualidade  para tratamentos personalizados e resultados naturais.","publisher":{"@id":"https:\/\/aureadermatologia.com.br\/home\/#organization"},"potentialAction":[{"@type":"SearchAction","target":{"@type":"EntryPoint","urlTemplate":"https:\/\/aureadermatologia.com.br\/home\/?s={search_term_string}"},"query-input":"required name=search_term_string"}],"inLanguage":"pt-BR"},{"@type":"Organization","@id":"https:\/\/aureadermatologia.com.br\/home\/#organization","name":"Aurea Dermatologia Integrada","url":"https:\/\/aureadermatologia.com.br\/home\/","logo":{"@type":"ImageObject","inLanguage":"pt-BR","@id":"https:\/\/aureadermatologia.com.br\/home\/#\/schema\/logo\/image\/","url":"https:\/\/aureadermatologia.com.br\/home\/wp-content\/uploads\/2022\/11\/Marca-Aurea-Dermo-03.png","contentUrl":"https:\/\/aureadermatologia.com.br\/home\/wp-content\/uploads\/2022\/11\/Marca-Aurea-Dermo-03.png","width":3509,"height":2481,"caption":"Aurea Dermatologia Integrada"},"image":{"@id":"https:\/\/aureadermatologia.com.br\/home\/#\/schema\/logo\/image\/"},"sameAs":["https:\/\/www.facebook.com\/aurea.dermatologia\/","https:\/\/www.instagram.com\/aurea.dermatologia\/","https:\/\/www.youtube.com\/@aurea.dermatologia\/"]}]}},"_links":{"self":[{"href":"https:\/\/aureadermatologia.com.br\/home\/wp-json\/wp\/v2\/pages\/4973","targetHints":{"allow":["GET"]}}],"collection":[{"href":"https:\/\/aureadermatologia.com.br\/home\/wp-json\/wp\/v2\/pages"}],"about":[{"href":"https:\/\/aureadermatologia.com.br\/home\/wp-json\/wp\/v2\/types\/page"}],"author":[{"embeddable":true,"href":"https:\/\/aureadermatologia.com.br\/home\/wp-json\/wp\/v2\/users\/1"}],"replies":[{"embeddable":true,"href":"https:\/\/aureadermatologia.com.br\/home\/wp-json\/wp\/v2\/comments?post=4973"}],"version-history":[{"count":5,"href":"https:\/\/aureadermatologia.com.br\/home\/wp-json\/wp\/v2\/pages\/4973\/revisions"}],"predecessor-version":[{"id":5869,"href":"https:\/\/aureadermatologia.com.br\/home\/wp-json\/wp\/v2\/pages\/4973\/revisions\/5869"}],"up":[{"embeddable":true,"href":"https:\/\/aureadermatologia.com.br\/home\/wp-json\/wp\/v2\/pages\/4109"}],"wp:featuredmedia":[{"embeddable":true,"href":"https:\/\/aureadermatologia.com.br\/home\/wp-json\/wp\/v2\/media\/5415"}],"wp:attachment":[{"href":"https:\/\/aureadermatologia.com.br\/home\/wp-json\/wp\/v2\/media?parent=4973"}],"curies":[{"name":"wp","href":"https:\/\/api.w.org\/{rel}","templated":true}]}}