{"id":4175,"date":"2022-11-13T19:11:02","date_gmt":"2022-11-13T22:11:02","guid":{"rendered":"https:\/\/aureadermatologia.com.br\/home\/?page_id=4175"},"modified":"2024-04-09T16:59:03","modified_gmt":"2024-04-09T19:59:03","slug":"rebeka-sobral","status":"publish","type":"page","link":"https:\/\/aureadermatologia.com.br\/home\/corpo-clinico\/rebeka-sobral\/","title":{"rendered":"Rebeka Sobral"},"content":{"rendered":"","protected":false},"excerpt":{"rendered":"","protected":false},"author":1,"featured_media":4176,"parent":4109,"menu_order":0,"comment_status":"closed","ping_status":"closed","template":"","meta":{"_acf_changed":false,"footnotes":""},"class_list":["post-4175","page","type-page","status-publish","has-post-thumbnail","hentry"],"acf":[],"yoast_head":"<!-- This site is optimized with the Yoast SEO plugin v22.7 - https:\/\/yoast.com\/wordpress\/plugins\/seo\/ -->\n<title>Dra. Rebeka Sobral | Dermatologista em Salvador<\/title>\n<meta name=\"description\" content=\"Rebeka Sobral participou desde o in\u00edcio da revolu\u00e7\u00e3o dos tratamentos est\u00e9ticos com injet\u00e1veis. Agende sua consulta.\" \/>\n<meta name=\"robots\" content=\"index, follow, max-snippet:-1, max-image-preview:large, max-video-preview:-1\" \/>\n<link rel=\"canonical\" href=\"https:\/\/aureadermatologia.com.br\/home\/corpo-clinico\/rebeka-sobral\/\" \/>\n<meta property=\"og:locale\" content=\"pt_BR\" \/>\n<meta property=\"og:type\" content=\"article\" \/>\n<meta property=\"og:title\" content=\"Dra. Rebeka Sobral | Dermatologista em Salvador\" \/>\n<meta property=\"og:description\" content=\"Rebeka Sobral participou desde o in\u00edcio da revolu\u00e7\u00e3o dos tratamentos est\u00e9ticos com injet\u00e1veis. Agende sua consulta.\" \/>\n<meta property=\"og:url\" content=\"https:\/\/aureadermatologia.com.br\/home\/corpo-clinico\/rebeka-sobral\/\" \/>\n<meta property=\"og:site_name\" content=\"Aurea Dermatologia Integrada\" \/>\n<meta property=\"article:publisher\" content=\"https:\/\/www.facebook.com\/aurea.dermatologia\/\" \/>\n<meta property=\"article:modified_time\" content=\"2024-04-09T19:59:03+00:00\" \/>\n<meta property=\"og:image\" content=\"https:\/\/aureadermatologia.com.br\/home\/wp-content\/uploads\/2022\/11\/rebeka-sobral_corpoclinico.jpeg\" \/>\n\t<meta property=\"og:image:width\" content=\"768\" \/>\n\t<meta property=\"og:image:height\" content=\"1151\" \/>\n\t<meta property=\"og:image:type\" content=\"image\/jpeg\" \/>\n<meta name=\"twitter:card\" content=\"summary_large_image\" \/>\n<meta name=\"twitter:label1\" content=\"Est. tempo de leitura\" \/>\n\t<meta name=\"twitter:data1\" content=\"1 minuto\" \/>\n<script type=\"application\/ld+json\" class=\"yoast-schema-graph\">{\"@context\":\"https:\/\/schema.org\",\"@graph\":[{\"@type\":\"WebPage\",\"@id\":\"https:\/\/aureadermatologia.com.br\/home\/corpo-clinico\/rebeka-sobral\/\",\"url\":\"https:\/\/aureadermatologia.com.br\/home\/corpo-clinico\/rebeka-sobral\/\",\"name\":\"Dra. Rebeka Sobral | Dermatologista em Salvador\",\"isPartOf\":{\"@id\":\"https:\/\/aureadermatologia.com.br\/home\/#website\"},\"primaryImageOfPage\":{\"@id\":\"https:\/\/aureadermatologia.com.br\/home\/corpo-clinico\/rebeka-sobral\/#primaryimage\"},\"image\":{\"@id\":\"https:\/\/aureadermatologia.com.br\/home\/corpo-clinico\/rebeka-sobral\/#primaryimage\"},\"thumbnailUrl\":\"https:\/\/aureadermatologia.com.br\/home\/wp-content\/uploads\/2022\/11\/rebeka-sobral_corpoclinico.jpeg\",\"datePublished\":\"2022-11-13T22:11:02+00:00\",\"dateModified\":\"2024-04-09T19:59:03+00:00\",\"description\":\"Rebeka Sobral participou desde o in\u00edcio da revolu\u00e7\u00e3o dos tratamentos est\u00e9ticos com injet\u00e1veis. Agende sua consulta.\",\"breadcrumb\":{\"@id\":\"https:\/\/aureadermatologia.com.br\/home\/corpo-clinico\/rebeka-sobral\/#breadcrumb\"},\"inLanguage\":\"pt-BR\",\"potentialAction\":[{\"@type\":\"ReadAction\",\"target\":[\"https:\/\/aureadermatologia.com.br\/home\/corpo-clinico\/rebeka-sobral\/\"]}]},{\"@type\":\"ImageObject\",\"inLanguage\":\"pt-BR\",\"@id\":\"https:\/\/aureadermatologia.com.br\/home\/corpo-clinico\/rebeka-sobral\/#primaryimage\",\"url\":\"https:\/\/aureadermatologia.com.br\/home\/wp-content\/uploads\/2022\/11\/rebeka-sobral_corpoclinico.jpeg\",\"contentUrl\":\"https:\/\/aureadermatologia.com.br\/home\/wp-content\/uploads\/2022\/11\/rebeka-sobral_corpoclinico.jpeg\",\"width\":768,\"height\":1151},{\"@type\":\"BreadcrumbList\",\"@id\":\"https:\/\/aureadermatologia.com.br\/home\/corpo-clinico\/rebeka-sobral\/#breadcrumb\",\"itemListElement\":[{\"@type\":\"ListItem\",\"position\":1,\"name\":\"In\u00edcio\",\"item\":\"https:\/\/aureadermatologia.com.br\/home\/\"},{\"@type\":\"ListItem\",\"position\":2,\"name\":\"Corpo Cl\u00ednico\",\"item\":\"https:\/\/aureadermatologia.com.br\/home\/corpo-clinico\/\"},{\"@type\":\"ListItem\",\"position\":3,\"name\":\"Rebeka Sobral\"}]},{\"@type\":\"WebSite\",\"@id\":\"https:\/\/aureadermatologia.com.br\/home\/#website\",\"url\":\"https:\/\/aureadermatologia.com.br\/home\/\",\"name\":\"Aurea Dermatologia Integrada\",\"description\":\"Uma Cl\u00ednica de dermatologia que tamb\u00e9m \u00e9 uma galeria de arte.  Dermatologistas de excel\u00eancia. As melhores t\u00e9cnicas e produtos de qualidade  para tratamentos personalizados e resultados naturais.\",\"publisher\":{\"@id\":\"https:\/\/aureadermatologia.com.br\/home\/#organization\"},\"potentialAction\":[{\"@type\":\"SearchAction\",\"target\":{\"@type\":\"EntryPoint\",\"urlTemplate\":\"https:\/\/aureadermatologia.com.br\/home\/?s={search_term_string}\"},\"query-input\":\"required name=search_term_string\"}],\"inLanguage\":\"pt-BR\"},{\"@type\":\"Organization\",\"@id\":\"https:\/\/aureadermatologia.com.br\/home\/#organization\",\"name\":\"Aurea Dermatologia Integrada\",\"url\":\"https:\/\/aureadermatologia.com.br\/home\/\",\"logo\":{\"@type\":\"ImageObject\",\"inLanguage\":\"pt-BR\",\"@id\":\"https:\/\/aureadermatologia.com.br\/home\/#\/schema\/logo\/image\/\",\"url\":\"https:\/\/aureadermatologia.com.br\/home\/wp-content\/uploads\/2022\/11\/Marca-Aurea-Dermo-03.png\",\"contentUrl\":\"https:\/\/aureadermatologia.com.br\/home\/wp-content\/uploads\/2022\/11\/Marca-Aurea-Dermo-03.png\",\"width\":3509,\"height\":2481,\"caption\":\"Aurea Dermatologia Integrada\"},\"image\":{\"@id\":\"https:\/\/aureadermatologia.com.br\/home\/#\/schema\/logo\/image\/\"},\"sameAs\":[\"https:\/\/www.facebook.com\/aurea.dermatologia\/\",\"https:\/\/www.instagram.com\/aurea.dermatologia\/\",\"https:\/\/www.youtube.com\/@aurea.dermatologia\/\"]}]}<\/script>\n<!-- \/ Yoast SEO plugin. -->","yoast_head_json":{"title":"Dra. Rebeka Sobral | Dermatologista em Salvador","description":"Rebeka Sobral participou desde o in\u00edcio da revolu\u00e7\u00e3o dos tratamentos est\u00e9ticos com injet\u00e1veis. Agende sua consulta.","robots":{"index":"index","follow":"follow","max-snippet":"max-snippet:-1","max-image-preview":"max-image-preview:large","max-video-preview":"max-video-preview:-1"},"canonical":"https:\/\/aureadermatologia.com.br\/home\/corpo-clinico\/rebeka-sobral\/","og_locale":"pt_BR","og_type":"article","og_title":"Dra. Rebeka Sobral | Dermatologista em Salvador","og_description":"Rebeka Sobral participou desde o in\u00edcio da revolu\u00e7\u00e3o dos tratamentos est\u00e9ticos com injet\u00e1veis. Agende sua consulta.","og_url":"https:\/\/aureadermatologia.com.br\/home\/corpo-clinico\/rebeka-sobral\/","og_site_name":"Aurea Dermatologia Integrada","article_publisher":"https:\/\/www.facebook.com\/aurea.dermatologia\/","article_modified_time":"2024-04-09T19:59:03+00:00","og_image":[{"width":768,"height":1151,"url":"https:\/\/aureadermatologia.com.br\/home\/wp-content\/uploads\/2022\/11\/rebeka-sobral_corpoclinico.jpeg","type":"image\/jpeg"}],"twitter_card":"summary_large_image","twitter_misc":{"Est. tempo de leitura":"1 minuto"},"schema":{"@context":"https:\/\/schema.org","@graph":[{"@type":"WebPage","@id":"https:\/\/aureadermatologia.com.br\/home\/corpo-clinico\/rebeka-sobral\/","url":"https:\/\/aureadermatologia.com.br\/home\/corpo-clinico\/rebeka-sobral\/","name":"Dra. Rebeka Sobral | Dermatologista em Salvador","isPartOf":{"@id":"https:\/\/aureadermatologia.com.br\/home\/#website"},"primaryImageOfPage":{"@id":"https:\/\/aureadermatologia.com.br\/home\/corpo-clinico\/rebeka-sobral\/#primaryimage"},"image":{"@id":"https:\/\/aureadermatologia.com.br\/home\/corpo-clinico\/rebeka-sobral\/#primaryimage"},"thumbnailUrl":"https:\/\/aureadermatologia.com.br\/home\/wp-content\/uploads\/2022\/11\/rebeka-sobral_corpoclinico.jpeg","datePublished":"2022-11-13T22:11:02+00:00","dateModified":"2024-04-09T19:59:03+00:00","description":"Rebeka Sobral participou desde o in\u00edcio da revolu\u00e7\u00e3o dos tratamentos est\u00e9ticos com injet\u00e1veis. Agende sua consulta.","breadcrumb":{"@id":"https:\/\/aureadermatologia.com.br\/home\/corpo-clinico\/rebeka-sobral\/#breadcrumb"},"inLanguage":"pt-BR","potentialAction":[{"@type":"ReadAction","target":["https:\/\/aureadermatologia.com.br\/home\/corpo-clinico\/rebeka-sobral\/"]}]},{"@type":"ImageObject","inLanguage":"pt-BR","@id":"https:\/\/aureadermatologia.com.br\/home\/corpo-clinico\/rebeka-sobral\/#primaryimage","url":"https:\/\/aureadermatologia.com.br\/home\/wp-content\/uploads\/2022\/11\/rebeka-sobral_corpoclinico.jpeg","contentUrl":"https:\/\/aureadermatologia.com.br\/home\/wp-content\/uploads\/2022\/11\/rebeka-sobral_corpoclinico.jpeg","width":768,"height":1151},{"@type":"BreadcrumbList","@id":"https:\/\/aureadermatologia.com.br\/home\/corpo-clinico\/rebeka-sobral\/#breadcrumb","itemListElement":[{"@type":"ListItem","position":1,"name":"In\u00edcio","item":"https:\/\/aureadermatologia.com.br\/home\/"},{"@type":"ListItem","position":2,"name":"Corpo Cl\u00ednico","item":"https:\/\/aureadermatologia.com.br\/home\/corpo-clinico\/"},{"@type":"ListItem","position":3,"name":"Rebeka Sobral"}]},{"@type":"WebSite","@id":"https:\/\/aureadermatologia.com.br\/home\/#website","url":"https:\/\/aureadermatologia.com.br\/home\/","name":"Aurea Dermatologia Integrada","description":"Uma Cl\u00ednica de dermatologia que tamb\u00e9m \u00e9 uma galeria de arte.  Dermatologistas de excel\u00eancia. As melhores t\u00e9cnicas e produtos de qualidade  para tratamentos personalizados e resultados naturais.","publisher":{"@id":"https:\/\/aureadermatologia.com.br\/home\/#organization"},"potentialAction":[{"@type":"SearchAction","target":{"@type":"EntryPoint","urlTemplate":"https:\/\/aureadermatologia.com.br\/home\/?s={search_term_string}"},"query-input":"required name=search_term_string"}],"inLanguage":"pt-BR"},{"@type":"Organization","@id":"https:\/\/aureadermatologia.com.br\/home\/#organization","name":"Aurea Dermatologia Integrada","url":"https:\/\/aureadermatologia.com.br\/home\/","logo":{"@type":"ImageObject","inLanguage":"pt-BR","@id":"https:\/\/aureadermatologia.com.br\/home\/#\/schema\/logo\/image\/","url":"https:\/\/aureadermatologia.com.br\/home\/wp-content\/uploads\/2022\/11\/Marca-Aurea-Dermo-03.png","contentUrl":"https:\/\/aureadermatologia.com.br\/home\/wp-content\/uploads\/2022\/11\/Marca-Aurea-Dermo-03.png","width":3509,"height":2481,"caption":"Aurea Dermatologia Integrada"},"image":{"@id":"https:\/\/aureadermatologia.com.br\/home\/#\/schema\/logo\/image\/"},"sameAs":["https:\/\/www.facebook.com\/aurea.dermatologia\/","https:\/\/www.instagram.com\/aurea.dermatologia\/","https:\/\/www.youtube.com\/@aurea.dermatologia\/"]}]}},"_links":{"self":[{"href":"https:\/\/aureadermatologia.com.br\/home\/wp-json\/wp\/v2\/pages\/4175","targetHints":{"allow":["GET"]}}],"collection":[{"href":"https:\/\/aureadermatologia.com.br\/home\/wp-json\/wp\/v2\/pages"}],"about":[{"href":"https:\/\/aureadermatologia.com.br\/home\/wp-json\/wp\/v2\/types\/page"}],"author":[{"embeddable":true,"href":"https:\/\/aureadermatologia.com.br\/home\/wp-json\/wp\/v2\/users\/1"}],"replies":[{"embeddable":true,"href":"https:\/\/aureadermatologia.com.br\/home\/wp-json\/wp\/v2\/comments?post=4175"}],"version-history":[{"count":3,"href":"https:\/\/aureadermatologia.com.br\/home\/wp-json\/wp\/v2\/pages\/4175\/revisions"}],"predecessor-version":[{"id":5873,"href":"https:\/\/aureadermatologia.com.br\/home\/wp-json\/wp\/v2\/pages\/4175\/revisions\/5873"}],"up":[{"embeddable":true,"href":"https:\/\/aureadermatologia.com.br\/home\/wp-json\/wp\/v2\/pages\/4109"}],"wp:featuredmedia":[{"embeddable":true,"href":"https:\/\/aureadermatologia.com.br\/home\/wp-json\/wp\/v2\/media\/4176"}],"wp:attachment":[{"href":"https:\/\/aureadermatologia.com.br\/home\/wp-json\/wp\/v2\/media?parent=4175"}],"curies":[{"name":"wp","href":"https:\/\/api.w.org\/{rel}","templated":true}]}}