{"id":4131,"date":"2022-11-13T18:47:33","date_gmt":"2022-11-13T21:47:33","guid":{"rendered":"https:\/\/aureadermatologia.com.br\/home\/?page_id=4131"},"modified":"2023-09-05T12:35:36","modified_gmt":"2023-09-05T15:35:36","slug":"envelhecimento","status":"publish","type":"page","link":"https:\/\/aureadermatologia.com.br\/home\/tratamentos\/envelhecimento\/","title":{"rendered":"Envelhecimento"},"content":{"rendered":"","protected":false},"excerpt":{"rendered":"","protected":false},"author":1,"featured_media":4093,"parent":4090,"menu_order":0,"comment_status":"closed","ping_status":"closed","template":"","meta":{"_acf_changed":false,"footnotes":""},"class_list":["post-4131","page","type-page","status-publish","has-post-thumbnail","hentry"],"acf":[],"yoast_head":"<!-- This site is optimized with the Yoast SEO plugin v22.7 - https:\/\/yoast.com\/wordpress\/plugins\/seo\/ -->\n<title>Rejuvenescimento Facial e Corporal em Salvador<\/title>\n<meta name=\"description\" content=\"O envelhecimento \u00e9 um processo natural do ser humano, acontecendo em todas as pessoas de forma inexor\u00e1vel. Fa\u00e7a uma avalia\u00e7\u00e3o personalizada!\" \/>\n<meta name=\"robots\" content=\"index, follow, max-snippet:-1, max-image-preview:large, max-video-preview:-1\" \/>\n<link rel=\"canonical\" href=\"https:\/\/aureadermatologia.com.br\/home\/tratamentos\/envelhecimento\/\" \/>\n<meta property=\"og:locale\" content=\"pt_BR\" \/>\n<meta property=\"og:type\" content=\"article\" \/>\n<meta property=\"og:title\" content=\"Rejuvenescimento Facial e Corporal em Salvador\" \/>\n<meta property=\"og:description\" content=\"O envelhecimento \u00e9 um processo natural do ser humano, acontecendo em todas as pessoas de forma inexor\u00e1vel. Fa\u00e7a uma avalia\u00e7\u00e3o personalizada!\" \/>\n<meta property=\"og:url\" content=\"https:\/\/aureadermatologia.com.br\/home\/tratamentos\/envelhecimento\/\" \/>\n<meta property=\"og:site_name\" content=\"Aurea Dermatologia Integrada\" \/>\n<meta property=\"article:publisher\" content=\"https:\/\/www.facebook.com\/aurea.dermatologia\/\" \/>\n<meta property=\"article:modified_time\" content=\"2023-09-05T15:35:36+00:00\" \/>\n<meta property=\"og:image\" content=\"https:\/\/aureadermatologia.com.br\/home\/wp-content\/uploads\/2022\/11\/flacidez_tratamento.jpg\" \/>\n\t<meta property=\"og:image:width\" content=\"800\" \/>\n\t<meta property=\"og:image:height\" content=\"533\" \/>\n\t<meta property=\"og:image:type\" content=\"image\/jpeg\" \/>\n<meta name=\"twitter:card\" content=\"summary_large_image\" \/>\n<script type=\"application\/ld+json\" class=\"yoast-schema-graph\">{\"@context\":\"https:\/\/schema.org\",\"@graph\":[{\"@type\":\"WebPage\",\"@id\":\"https:\/\/aureadermatologia.com.br\/home\/tratamentos\/envelhecimento\/\",\"url\":\"https:\/\/aureadermatologia.com.br\/home\/tratamentos\/envelhecimento\/\",\"name\":\"Rejuvenescimento Facial e Corporal em Salvador\",\"isPartOf\":{\"@id\":\"https:\/\/aureadermatologia.com.br\/home\/#website\"},\"primaryImageOfPage\":{\"@id\":\"https:\/\/aureadermatologia.com.br\/home\/tratamentos\/envelhecimento\/#primaryimage\"},\"image\":{\"@id\":\"https:\/\/aureadermatologia.com.br\/home\/tratamentos\/envelhecimento\/#primaryimage\"},\"thumbnailUrl\":\"https:\/\/aureadermatologia.com.br\/home\/wp-content\/uploads\/2022\/11\/flacidez_tratamento.jpg\",\"datePublished\":\"2022-11-13T21:47:33+00:00\",\"dateModified\":\"2023-09-05T15:35:36+00:00\",\"description\":\"O envelhecimento \u00e9 um processo natural do ser humano, acontecendo em todas as pessoas de forma inexor\u00e1vel. Fa\u00e7a uma avalia\u00e7\u00e3o personalizada!\",\"breadcrumb\":{\"@id\":\"https:\/\/aureadermatologia.com.br\/home\/tratamentos\/envelhecimento\/#breadcrumb\"},\"inLanguage\":\"pt-BR\",\"potentialAction\":[{\"@type\":\"ReadAction\",\"target\":[\"https:\/\/aureadermatologia.com.br\/home\/tratamentos\/envelhecimento\/\"]}]},{\"@type\":\"ImageObject\",\"inLanguage\":\"pt-BR\",\"@id\":\"https:\/\/aureadermatologia.com.br\/home\/tratamentos\/envelhecimento\/#primaryimage\",\"url\":\"https:\/\/aureadermatologia.com.br\/home\/wp-content\/uploads\/2022\/11\/flacidez_tratamento.jpg\",\"contentUrl\":\"https:\/\/aureadermatologia.com.br\/home\/wp-content\/uploads\/2022\/11\/flacidez_tratamento.jpg\",\"width\":800,\"height\":533},{\"@type\":\"BreadcrumbList\",\"@id\":\"https:\/\/aureadermatologia.com.br\/home\/tratamentos\/envelhecimento\/#breadcrumb\",\"itemListElement\":[{\"@type\":\"ListItem\",\"position\":1,\"name\":\"In\u00edcio\",\"item\":\"https:\/\/aureadermatologia.com.br\/home\/\"},{\"@type\":\"ListItem\",\"position\":2,\"name\":\"Tratamentos\",\"item\":\"https:\/\/aureadermatologia.com.br\/home\/tratamentos\/\"},{\"@type\":\"ListItem\",\"position\":3,\"name\":\"Envelhecimento\"}]},{\"@type\":\"WebSite\",\"@id\":\"https:\/\/aureadermatologia.com.br\/home\/#website\",\"url\":\"https:\/\/aureadermatologia.com.br\/home\/\",\"name\":\"Aurea Dermatologia Integrada\",\"description\":\"Uma Cl\u00ednica de dermatologia que tamb\u00e9m \u00e9 uma galeria de arte.  Dermatologistas de excel\u00eancia. As melhores t\u00e9cnicas e produtos de qualidade  para tratamentos personalizados e resultados naturais.\",\"publisher\":{\"@id\":\"https:\/\/aureadermatologia.com.br\/home\/#organization\"},\"potentialAction\":[{\"@type\":\"SearchAction\",\"target\":{\"@type\":\"EntryPoint\",\"urlTemplate\":\"https:\/\/aureadermatologia.com.br\/home\/?s={search_term_string}\"},\"query-input\":\"required name=search_term_string\"}],\"inLanguage\":\"pt-BR\"},{\"@type\":\"Organization\",\"@id\":\"https:\/\/aureadermatologia.com.br\/home\/#organization\",\"name\":\"Aurea Dermatologia Integrada\",\"url\":\"https:\/\/aureadermatologia.com.br\/home\/\",\"logo\":{\"@type\":\"ImageObject\",\"inLanguage\":\"pt-BR\",\"@id\":\"https:\/\/aureadermatologia.com.br\/home\/#\/schema\/logo\/image\/\",\"url\":\"https:\/\/aureadermatologia.com.br\/home\/wp-content\/uploads\/2022\/11\/Marca-Aurea-Dermo-03.png\",\"contentUrl\":\"https:\/\/aureadermatologia.com.br\/home\/wp-content\/uploads\/2022\/11\/Marca-Aurea-Dermo-03.png\",\"width\":3509,\"height\":2481,\"caption\":\"Aurea Dermatologia Integrada\"},\"image\":{\"@id\":\"https:\/\/aureadermatologia.com.br\/home\/#\/schema\/logo\/image\/\"},\"sameAs\":[\"https:\/\/www.facebook.com\/aurea.dermatologia\/\",\"https:\/\/www.instagram.com\/aurea.dermatologia\/\",\"https:\/\/www.youtube.com\/@aurea.dermatologia\/\"]}]}<\/script>\n<!-- \/ Yoast SEO plugin. -->","yoast_head_json":{"title":"Rejuvenescimento Facial e Corporal em Salvador","description":"O envelhecimento \u00e9 um processo natural do ser humano, acontecendo em todas as pessoas de forma inexor\u00e1vel. Fa\u00e7a uma avalia\u00e7\u00e3o personalizada!","robots":{"index":"index","follow":"follow","max-snippet":"max-snippet:-1","max-image-preview":"max-image-preview:large","max-video-preview":"max-video-preview:-1"},"canonical":"https:\/\/aureadermatologia.com.br\/home\/tratamentos\/envelhecimento\/","og_locale":"pt_BR","og_type":"article","og_title":"Rejuvenescimento Facial e Corporal em Salvador","og_description":"O envelhecimento \u00e9 um processo natural do ser humano, acontecendo em todas as pessoas de forma inexor\u00e1vel. Fa\u00e7a uma avalia\u00e7\u00e3o personalizada!","og_url":"https:\/\/aureadermatologia.com.br\/home\/tratamentos\/envelhecimento\/","og_site_name":"Aurea Dermatologia Integrada","article_publisher":"https:\/\/www.facebook.com\/aurea.dermatologia\/","article_modified_time":"2023-09-05T15:35:36+00:00","og_image":[{"width":800,"height":533,"url":"https:\/\/aureadermatologia.com.br\/home\/wp-content\/uploads\/2022\/11\/flacidez_tratamento.jpg","type":"image\/jpeg"}],"twitter_card":"summary_large_image","schema":{"@context":"https:\/\/schema.org","@graph":[{"@type":"WebPage","@id":"https:\/\/aureadermatologia.com.br\/home\/tratamentos\/envelhecimento\/","url":"https:\/\/aureadermatologia.com.br\/home\/tratamentos\/envelhecimento\/","name":"Rejuvenescimento Facial e Corporal em Salvador","isPartOf":{"@id":"https:\/\/aureadermatologia.com.br\/home\/#website"},"primaryImageOfPage":{"@id":"https:\/\/aureadermatologia.com.br\/home\/tratamentos\/envelhecimento\/#primaryimage"},"image":{"@id":"https:\/\/aureadermatologia.com.br\/home\/tratamentos\/envelhecimento\/#primaryimage"},"thumbnailUrl":"https:\/\/aureadermatologia.com.br\/home\/wp-content\/uploads\/2022\/11\/flacidez_tratamento.jpg","datePublished":"2022-11-13T21:47:33+00:00","dateModified":"2023-09-05T15:35:36+00:00","description":"O envelhecimento \u00e9 um processo natural do ser humano, acontecendo em todas as pessoas de forma inexor\u00e1vel. Fa\u00e7a uma avalia\u00e7\u00e3o personalizada!","breadcrumb":{"@id":"https:\/\/aureadermatologia.com.br\/home\/tratamentos\/envelhecimento\/#breadcrumb"},"inLanguage":"pt-BR","potentialAction":[{"@type":"ReadAction","target":["https:\/\/aureadermatologia.com.br\/home\/tratamentos\/envelhecimento\/"]}]},{"@type":"ImageObject","inLanguage":"pt-BR","@id":"https:\/\/aureadermatologia.com.br\/home\/tratamentos\/envelhecimento\/#primaryimage","url":"https:\/\/aureadermatologia.com.br\/home\/wp-content\/uploads\/2022\/11\/flacidez_tratamento.jpg","contentUrl":"https:\/\/aureadermatologia.com.br\/home\/wp-content\/uploads\/2022\/11\/flacidez_tratamento.jpg","width":800,"height":533},{"@type":"BreadcrumbList","@id":"https:\/\/aureadermatologia.com.br\/home\/tratamentos\/envelhecimento\/#breadcrumb","itemListElement":[{"@type":"ListItem","position":1,"name":"In\u00edcio","item":"https:\/\/aureadermatologia.com.br\/home\/"},{"@type":"ListItem","position":2,"name":"Tratamentos","item":"https:\/\/aureadermatologia.com.br\/home\/tratamentos\/"},{"@type":"ListItem","position":3,"name":"Envelhecimento"}]},{"@type":"WebSite","@id":"https:\/\/aureadermatologia.com.br\/home\/#website","url":"https:\/\/aureadermatologia.com.br\/home\/","name":"Aurea Dermatologia Integrada","description":"Uma Cl\u00ednica de dermatologia que tamb\u00e9m \u00e9 uma galeria de arte.  Dermatologistas de excel\u00eancia. As melhores t\u00e9cnicas e produtos de qualidade  para tratamentos personalizados e resultados naturais.","publisher":{"@id":"https:\/\/aureadermatologia.com.br\/home\/#organization"},"potentialAction":[{"@type":"SearchAction","target":{"@type":"EntryPoint","urlTemplate":"https:\/\/aureadermatologia.com.br\/home\/?s={search_term_string}"},"query-input":"required name=search_term_string"}],"inLanguage":"pt-BR"},{"@type":"Organization","@id":"https:\/\/aureadermatologia.com.br\/home\/#organization","name":"Aurea Dermatologia Integrada","url":"https:\/\/aureadermatologia.com.br\/home\/","logo":{"@type":"ImageObject","inLanguage":"pt-BR","@id":"https:\/\/aureadermatologia.com.br\/home\/#\/schema\/logo\/image\/","url":"https:\/\/aureadermatologia.com.br\/home\/wp-content\/uploads\/2022\/11\/Marca-Aurea-Dermo-03.png","contentUrl":"https:\/\/aureadermatologia.com.br\/home\/wp-content\/uploads\/2022\/11\/Marca-Aurea-Dermo-03.png","width":3509,"height":2481,"caption":"Aurea Dermatologia Integrada"},"image":{"@id":"https:\/\/aureadermatologia.com.br\/home\/#\/schema\/logo\/image\/"},"sameAs":["https:\/\/www.facebook.com\/aurea.dermatologia\/","https:\/\/www.instagram.com\/aurea.dermatologia\/","https:\/\/www.youtube.com\/@aurea.dermatologia\/"]}]}},"_links":{"self":[{"href":"https:\/\/aureadermatologia.com.br\/home\/wp-json\/wp\/v2\/pages\/4131","targetHints":{"allow":["GET"]}}],"collection":[{"href":"https:\/\/aureadermatologia.com.br\/home\/wp-json\/wp\/v2\/pages"}],"about":[{"href":"https:\/\/aureadermatologia.com.br\/home\/wp-json\/wp\/v2\/types\/page"}],"author":[{"embeddable":true,"href":"https:\/\/aureadermatologia.com.br\/home\/wp-json\/wp\/v2\/users\/1"}],"replies":[{"embeddable":true,"href":"https:\/\/aureadermatologia.com.br\/home\/wp-json\/wp\/v2\/comments?post=4131"}],"version-history":[{"count":3,"href":"https:\/\/aureadermatologia.com.br\/home\/wp-json\/wp\/v2\/pages\/4131\/revisions"}],"predecessor-version":[{"id":5182,"href":"https:\/\/aureadermatologia.com.br\/home\/wp-json\/wp\/v2\/pages\/4131\/revisions\/5182"}],"up":[{"embeddable":true,"href":"https:\/\/aureadermatologia.com.br\/home\/wp-json\/wp\/v2\/pages\/4090"}],"wp:featuredmedia":[{"embeddable":true,"href":"https:\/\/aureadermatologia.com.br\/home\/wp-json\/wp\/v2\/media\/4093"}],"wp:attachment":[{"href":"https:\/\/aureadermatologia.com.br\/home\/wp-json\/wp\/v2\/media?parent=4131"}],"curies":[{"name":"wp","href":"https:\/\/api.w.org\/{rel}","templated":true}]}}