{"id":4127,"date":"2022-11-13T18:45:58","date_gmt":"2022-11-13T21:45:58","guid":{"rendered":"https:\/\/aureadermatologia.com.br\/home\/?page_id=4127"},"modified":"2023-09-05T12:39:00","modified_gmt":"2023-09-05T15:39:00","slug":"harmonizacao-facial","status":"publish","type":"page","link":"https:\/\/aureadermatologia.com.br\/home\/tratamentos\/harmonizacao-facial\/","title":{"rendered":"Harmoniza\u00e7\u00e3o Facial"},"content":{"rendered":"","protected":false},"excerpt":{"rendered":"","protected":false},"author":1,"featured_media":4128,"parent":4090,"menu_order":0,"comment_status":"closed","ping_status":"closed","template":"","meta":{"_acf_changed":false,"footnotes":""},"class_list":["post-4127","page","type-page","status-publish","has-post-thumbnail","hentry"],"acf":[],"yoast_head":"<!-- This site is optimized with the Yoast SEO plugin v22.7 - https:\/\/yoast.com\/wordpress\/plugins\/seo\/ -->\n<title>Harmoniza\u00e7\u00e3o Facial em Salvador | Cl\u00ednica de Dermatologia \u00c1urea<\/title>\n<meta name=\"description\" content=\"A harmoniza\u00e7\u00e3o pode ser realizada com fins est\u00e9ticos de embelezamento, assim como para rejuvenescer. Agende a sua consulta!\" \/>\n<meta name=\"robots\" content=\"index, follow, max-snippet:-1, max-image-preview:large, max-video-preview:-1\" \/>\n<link rel=\"canonical\" href=\"https:\/\/aureadermatologia.com.br\/home\/tratamentos\/harmonizacao-facial\/\" \/>\n<meta property=\"og:locale\" content=\"pt_BR\" \/>\n<meta property=\"og:type\" content=\"article\" \/>\n<meta property=\"og:title\" content=\"Harmoniza\u00e7\u00e3o Facial em Salvador | Cl\u00ednica de Dermatologia \u00c1urea\" \/>\n<meta property=\"og:description\" content=\"A harmoniza\u00e7\u00e3o pode ser realizada com fins est\u00e9ticos de embelezamento, assim como para rejuvenescer. Agende a sua consulta!\" \/>\n<meta property=\"og:url\" content=\"https:\/\/aureadermatologia.com.br\/home\/tratamentos\/harmonizacao-facial\/\" \/>\n<meta property=\"og:site_name\" content=\"Aurea Dermatologia Integrada\" \/>\n<meta property=\"article:publisher\" content=\"https:\/\/www.facebook.com\/aurea.dermatologia\/\" \/>\n<meta property=\"article:modified_time\" content=\"2023-09-05T15:39:00+00:00\" \/>\n<meta property=\"og:image\" content=\"https:\/\/aureadermatologia.com.br\/home\/wp-content\/uploads\/2022\/11\/harmonizacao-facial_tratamento.png\" \/>\n\t<meta property=\"og:image:width\" content=\"800\" \/>\n\t<meta property=\"og:image:height\" content=\"424\" \/>\n\t<meta property=\"og:image:type\" content=\"image\/png\" \/>\n<meta name=\"twitter:card\" content=\"summary_large_image\" \/>\n<script type=\"application\/ld+json\" class=\"yoast-schema-graph\">{\"@context\":\"https:\/\/schema.org\",\"@graph\":[{\"@type\":\"WebPage\",\"@id\":\"https:\/\/aureadermatologia.com.br\/home\/tratamentos\/harmonizacao-facial\/\",\"url\":\"https:\/\/aureadermatologia.com.br\/home\/tratamentos\/harmonizacao-facial\/\",\"name\":\"Harmoniza\u00e7\u00e3o Facial em Salvador | Cl\u00ednica de Dermatologia \u00c1urea\",\"isPartOf\":{\"@id\":\"https:\/\/aureadermatologia.com.br\/home\/#website\"},\"primaryImageOfPage\":{\"@id\":\"https:\/\/aureadermatologia.com.br\/home\/tratamentos\/harmonizacao-facial\/#primaryimage\"},\"image\":{\"@id\":\"https:\/\/aureadermatologia.com.br\/home\/tratamentos\/harmonizacao-facial\/#primaryimage\"},\"thumbnailUrl\":\"https:\/\/aureadermatologia.com.br\/home\/wp-content\/uploads\/2022\/11\/harmonizacao-facial_tratamento.png\",\"datePublished\":\"2022-11-13T21:45:58+00:00\",\"dateModified\":\"2023-09-05T15:39:00+00:00\",\"description\":\"A harmoniza\u00e7\u00e3o pode ser realizada com fins est\u00e9ticos de embelezamento, assim como para rejuvenescer. Agende a sua consulta!\",\"breadcrumb\":{\"@id\":\"https:\/\/aureadermatologia.com.br\/home\/tratamentos\/harmonizacao-facial\/#breadcrumb\"},\"inLanguage\":\"pt-BR\",\"potentialAction\":[{\"@type\":\"ReadAction\",\"target\":[\"https:\/\/aureadermatologia.com.br\/home\/tratamentos\/harmonizacao-facial\/\"]}]},{\"@type\":\"ImageObject\",\"inLanguage\":\"pt-BR\",\"@id\":\"https:\/\/aureadermatologia.com.br\/home\/tratamentos\/harmonizacao-facial\/#primaryimage\",\"url\":\"https:\/\/aureadermatologia.com.br\/home\/wp-content\/uploads\/2022\/11\/harmonizacao-facial_tratamento.png\",\"contentUrl\":\"https:\/\/aureadermatologia.com.br\/home\/wp-content\/uploads\/2022\/11\/harmonizacao-facial_tratamento.png\",\"width\":800,\"height\":424},{\"@type\":\"BreadcrumbList\",\"@id\":\"https:\/\/aureadermatologia.com.br\/home\/tratamentos\/harmonizacao-facial\/#breadcrumb\",\"itemListElement\":[{\"@type\":\"ListItem\",\"position\":1,\"name\":\"In\u00edcio\",\"item\":\"https:\/\/aureadermatologia.com.br\/home\/\"},{\"@type\":\"ListItem\",\"position\":2,\"name\":\"Tratamentos\",\"item\":\"https:\/\/aureadermatologia.com.br\/home\/tratamentos\/\"},{\"@type\":\"ListItem\",\"position\":3,\"name\":\"Harmoniza\u00e7\u00e3o Facial\"}]},{\"@type\":\"WebSite\",\"@id\":\"https:\/\/aureadermatologia.com.br\/home\/#website\",\"url\":\"https:\/\/aureadermatologia.com.br\/home\/\",\"name\":\"Aurea Dermatologia Integrada\",\"description\":\"Uma Cl\u00ednica de dermatologia que tamb\u00e9m \u00e9 uma galeria de arte.  Dermatologistas de excel\u00eancia. As melhores t\u00e9cnicas e produtos de qualidade  para tratamentos personalizados e resultados naturais.\",\"publisher\":{\"@id\":\"https:\/\/aureadermatologia.com.br\/home\/#organization\"},\"potentialAction\":[{\"@type\":\"SearchAction\",\"target\":{\"@type\":\"EntryPoint\",\"urlTemplate\":\"https:\/\/aureadermatologia.com.br\/home\/?s={search_term_string}\"},\"query-input\":\"required name=search_term_string\"}],\"inLanguage\":\"pt-BR\"},{\"@type\":\"Organization\",\"@id\":\"https:\/\/aureadermatologia.com.br\/home\/#organization\",\"name\":\"Aurea Dermatologia Integrada\",\"url\":\"https:\/\/aureadermatologia.com.br\/home\/\",\"logo\":{\"@type\":\"ImageObject\",\"inLanguage\":\"pt-BR\",\"@id\":\"https:\/\/aureadermatologia.com.br\/home\/#\/schema\/logo\/image\/\",\"url\":\"https:\/\/aureadermatologia.com.br\/home\/wp-content\/uploads\/2022\/11\/Marca-Aurea-Dermo-03.png\",\"contentUrl\":\"https:\/\/aureadermatologia.com.br\/home\/wp-content\/uploads\/2022\/11\/Marca-Aurea-Dermo-03.png\",\"width\":3509,\"height\":2481,\"caption\":\"Aurea Dermatologia Integrada\"},\"image\":{\"@id\":\"https:\/\/aureadermatologia.com.br\/home\/#\/schema\/logo\/image\/\"},\"sameAs\":[\"https:\/\/www.facebook.com\/aurea.dermatologia\/\",\"https:\/\/www.instagram.com\/aurea.dermatologia\/\",\"https:\/\/www.youtube.com\/@aurea.dermatologia\/\"]}]}<\/script>\n<!-- \/ Yoast SEO plugin. -->","yoast_head_json":{"title":"Harmoniza\u00e7\u00e3o Facial em Salvador | Cl\u00ednica de Dermatologia \u00c1urea","description":"A harmoniza\u00e7\u00e3o pode ser realizada com fins est\u00e9ticos de embelezamento, assim como para rejuvenescer. Agende a sua consulta!","robots":{"index":"index","follow":"follow","max-snippet":"max-snippet:-1","max-image-preview":"max-image-preview:large","max-video-preview":"max-video-preview:-1"},"canonical":"https:\/\/aureadermatologia.com.br\/home\/tratamentos\/harmonizacao-facial\/","og_locale":"pt_BR","og_type":"article","og_title":"Harmoniza\u00e7\u00e3o Facial em Salvador | Cl\u00ednica de Dermatologia \u00c1urea","og_description":"A harmoniza\u00e7\u00e3o pode ser realizada com fins est\u00e9ticos de embelezamento, assim como para rejuvenescer. Agende a sua consulta!","og_url":"https:\/\/aureadermatologia.com.br\/home\/tratamentos\/harmonizacao-facial\/","og_site_name":"Aurea Dermatologia Integrada","article_publisher":"https:\/\/www.facebook.com\/aurea.dermatologia\/","article_modified_time":"2023-09-05T15:39:00+00:00","og_image":[{"width":800,"height":424,"url":"https:\/\/aureadermatologia.com.br\/home\/wp-content\/uploads\/2022\/11\/harmonizacao-facial_tratamento.png","type":"image\/png"}],"twitter_card":"summary_large_image","schema":{"@context":"https:\/\/schema.org","@graph":[{"@type":"WebPage","@id":"https:\/\/aureadermatologia.com.br\/home\/tratamentos\/harmonizacao-facial\/","url":"https:\/\/aureadermatologia.com.br\/home\/tratamentos\/harmonizacao-facial\/","name":"Harmoniza\u00e7\u00e3o Facial em Salvador | Cl\u00ednica de Dermatologia \u00c1urea","isPartOf":{"@id":"https:\/\/aureadermatologia.com.br\/home\/#website"},"primaryImageOfPage":{"@id":"https:\/\/aureadermatologia.com.br\/home\/tratamentos\/harmonizacao-facial\/#primaryimage"},"image":{"@id":"https:\/\/aureadermatologia.com.br\/home\/tratamentos\/harmonizacao-facial\/#primaryimage"},"thumbnailUrl":"https:\/\/aureadermatologia.com.br\/home\/wp-content\/uploads\/2022\/11\/harmonizacao-facial_tratamento.png","datePublished":"2022-11-13T21:45:58+00:00","dateModified":"2023-09-05T15:39:00+00:00","description":"A harmoniza\u00e7\u00e3o pode ser realizada com fins est\u00e9ticos de embelezamento, assim como para rejuvenescer. Agende a sua consulta!","breadcrumb":{"@id":"https:\/\/aureadermatologia.com.br\/home\/tratamentos\/harmonizacao-facial\/#breadcrumb"},"inLanguage":"pt-BR","potentialAction":[{"@type":"ReadAction","target":["https:\/\/aureadermatologia.com.br\/home\/tratamentos\/harmonizacao-facial\/"]}]},{"@type":"ImageObject","inLanguage":"pt-BR","@id":"https:\/\/aureadermatologia.com.br\/home\/tratamentos\/harmonizacao-facial\/#primaryimage","url":"https:\/\/aureadermatologia.com.br\/home\/wp-content\/uploads\/2022\/11\/harmonizacao-facial_tratamento.png","contentUrl":"https:\/\/aureadermatologia.com.br\/home\/wp-content\/uploads\/2022\/11\/harmonizacao-facial_tratamento.png","width":800,"height":424},{"@type":"BreadcrumbList","@id":"https:\/\/aureadermatologia.com.br\/home\/tratamentos\/harmonizacao-facial\/#breadcrumb","itemListElement":[{"@type":"ListItem","position":1,"name":"In\u00edcio","item":"https:\/\/aureadermatologia.com.br\/home\/"},{"@type":"ListItem","position":2,"name":"Tratamentos","item":"https:\/\/aureadermatologia.com.br\/home\/tratamentos\/"},{"@type":"ListItem","position":3,"name":"Harmoniza\u00e7\u00e3o Facial"}]},{"@type":"WebSite","@id":"https:\/\/aureadermatologia.com.br\/home\/#website","url":"https:\/\/aureadermatologia.com.br\/home\/","name":"Aurea Dermatologia Integrada","description":"Uma Cl\u00ednica de dermatologia que tamb\u00e9m \u00e9 uma galeria de arte.  Dermatologistas de excel\u00eancia. As melhores t\u00e9cnicas e produtos de qualidade  para tratamentos personalizados e resultados naturais.","publisher":{"@id":"https:\/\/aureadermatologia.com.br\/home\/#organization"},"potentialAction":[{"@type":"SearchAction","target":{"@type":"EntryPoint","urlTemplate":"https:\/\/aureadermatologia.com.br\/home\/?s={search_term_string}"},"query-input":"required name=search_term_string"}],"inLanguage":"pt-BR"},{"@type":"Organization","@id":"https:\/\/aureadermatologia.com.br\/home\/#organization","name":"Aurea Dermatologia Integrada","url":"https:\/\/aureadermatologia.com.br\/home\/","logo":{"@type":"ImageObject","inLanguage":"pt-BR","@id":"https:\/\/aureadermatologia.com.br\/home\/#\/schema\/logo\/image\/","url":"https:\/\/aureadermatologia.com.br\/home\/wp-content\/uploads\/2022\/11\/Marca-Aurea-Dermo-03.png","contentUrl":"https:\/\/aureadermatologia.com.br\/home\/wp-content\/uploads\/2022\/11\/Marca-Aurea-Dermo-03.png","width":3509,"height":2481,"caption":"Aurea Dermatologia Integrada"},"image":{"@id":"https:\/\/aureadermatologia.com.br\/home\/#\/schema\/logo\/image\/"},"sameAs":["https:\/\/www.facebook.com\/aurea.dermatologia\/","https:\/\/www.instagram.com\/aurea.dermatologia\/","https:\/\/www.youtube.com\/@aurea.dermatologia\/"]}]}},"_links":{"self":[{"href":"https:\/\/aureadermatologia.com.br\/home\/wp-json\/wp\/v2\/pages\/4127","targetHints":{"allow":["GET"]}}],"collection":[{"href":"https:\/\/aureadermatologia.com.br\/home\/wp-json\/wp\/v2\/pages"}],"about":[{"href":"https:\/\/aureadermatologia.com.br\/home\/wp-json\/wp\/v2\/types\/page"}],"author":[{"embeddable":true,"href":"https:\/\/aureadermatologia.com.br\/home\/wp-json\/wp\/v2\/users\/1"}],"replies":[{"embeddable":true,"href":"https:\/\/aureadermatologia.com.br\/home\/wp-json\/wp\/v2\/comments?post=4127"}],"version-history":[{"count":3,"href":"https:\/\/aureadermatologia.com.br\/home\/wp-json\/wp\/v2\/pages\/4127\/revisions"}],"predecessor-version":[{"id":5173,"href":"https:\/\/aureadermatologia.com.br\/home\/wp-json\/wp\/v2\/pages\/4127\/revisions\/5173"}],"up":[{"embeddable":true,"href":"https:\/\/aureadermatologia.com.br\/home\/wp-json\/wp\/v2\/pages\/4090"}],"wp:featuredmedia":[{"embeddable":true,"href":"https:\/\/aureadermatologia.com.br\/home\/wp-json\/wp\/v2\/media\/4128"}],"wp:attachment":[{"href":"https:\/\/aureadermatologia.com.br\/home\/wp-json\/wp\/v2\/media?parent=4127"}],"curies":[{"name":"wp","href":"https:\/\/api.w.org\/{rel}","templated":true}]}}