{"id":4092,"date":"2022-11-13T18:22:51","date_gmt":"2022-11-13T21:22:51","guid":{"rendered":"https:\/\/aureadermatologia.com.br\/home\/?page_id=4092"},"modified":"2023-09-05T12:39:04","modified_gmt":"2023-09-05T15:39:04","slug":"flacidez","status":"publish","type":"page","link":"https:\/\/aureadermatologia.com.br\/home\/tratamentos\/flacidez\/","title":{"rendered":"Flacidez"},"content":{"rendered":"","protected":false},"excerpt":{"rendered":"","protected":false},"author":1,"featured_media":4950,"parent":4090,"menu_order":0,"comment_status":"closed","ping_status":"closed","template":"","meta":{"_acf_changed":false,"footnotes":""},"class_list":["post-4092","page","type-page","status-publish","has-post-thumbnail","hentry"],"acf":[],"yoast_head":"<!-- This site is optimized with the Yoast SEO plugin v22.7 - https:\/\/yoast.com\/wordpress\/plugins\/seo\/ -->\n<title>Tratamento de Flacidez Facial e Corporal em Salvador | Cl\u00ednica de Dermatologia \u00c1urea<\/title>\n<meta name=\"description\" content=\"A flacidez acontece devido ao processo natural de envelhecimento da pele. O tratamento preventivo faz muita diferen\u00e7a. Fa\u00e7a o seu protocolo!\" \/>\n<meta name=\"robots\" content=\"index, follow, max-snippet:-1, max-image-preview:large, max-video-preview:-1\" \/>\n<link rel=\"canonical\" href=\"https:\/\/aureadermatologia.com.br\/home\/tratamentos\/flacidez\/\" \/>\n<meta property=\"og:locale\" content=\"pt_BR\" \/>\n<meta property=\"og:type\" content=\"article\" \/>\n<meta property=\"og:title\" content=\"Tratamento de Flacidez Facial e Corporal em Salvador | Cl\u00ednica de Dermatologia \u00c1urea\" \/>\n<meta property=\"og:description\" content=\"A flacidez acontece devido ao processo natural de envelhecimento da pele. O tratamento preventivo faz muita diferen\u00e7a. Fa\u00e7a o seu protocolo!\" \/>\n<meta property=\"og:url\" content=\"https:\/\/aureadermatologia.com.br\/home\/tratamentos\/flacidez\/\" \/>\n<meta property=\"og:site_name\" content=\"Aurea Dermatologia Integrada\" \/>\n<meta property=\"article:publisher\" content=\"https:\/\/www.facebook.com\/aurea.dermatologia\/\" \/>\n<meta property=\"article:modified_time\" content=\"2023-09-05T15:39:04+00:00\" \/>\n<meta property=\"og:image\" content=\"https:\/\/aureadermatologia.com.br\/home\/wp-content\/uploads\/2022\/12\/flacidez-scaled.jpeg\" \/>\n\t<meta property=\"og:image:width\" content=\"1707\" \/>\n\t<meta property=\"og:image:height\" content=\"2560\" \/>\n\t<meta property=\"og:image:type\" content=\"image\/jpeg\" \/>\n<meta name=\"twitter:card\" content=\"summary_large_image\" \/>\n<script type=\"application\/ld+json\" class=\"yoast-schema-graph\">{\"@context\":\"https:\/\/schema.org\",\"@graph\":[{\"@type\":\"WebPage\",\"@id\":\"https:\/\/aureadermatologia.com.br\/home\/tratamentos\/flacidez\/\",\"url\":\"https:\/\/aureadermatologia.com.br\/home\/tratamentos\/flacidez\/\",\"name\":\"Tratamento de Flacidez Facial e Corporal em Salvador | Cl\u00ednica de Dermatologia \u00c1urea\",\"isPartOf\":{\"@id\":\"https:\/\/aureadermatologia.com.br\/home\/#website\"},\"primaryImageOfPage\":{\"@id\":\"https:\/\/aureadermatologia.com.br\/home\/tratamentos\/flacidez\/#primaryimage\"},\"image\":{\"@id\":\"https:\/\/aureadermatologia.com.br\/home\/tratamentos\/flacidez\/#primaryimage\"},\"thumbnailUrl\":\"https:\/\/aureadermatologia.com.br\/home\/wp-content\/uploads\/2022\/12\/flacidez-scaled.jpeg\",\"datePublished\":\"2022-11-13T21:22:51+00:00\",\"dateModified\":\"2023-09-05T15:39:04+00:00\",\"description\":\"A flacidez acontece devido ao processo natural de envelhecimento da pele. O tratamento preventivo faz muita diferen\u00e7a. Fa\u00e7a o seu protocolo!\",\"breadcrumb\":{\"@id\":\"https:\/\/aureadermatologia.com.br\/home\/tratamentos\/flacidez\/#breadcrumb\"},\"inLanguage\":\"pt-BR\",\"potentialAction\":[{\"@type\":\"ReadAction\",\"target\":[\"https:\/\/aureadermatologia.com.br\/home\/tratamentos\/flacidez\/\"]}]},{\"@type\":\"ImageObject\",\"inLanguage\":\"pt-BR\",\"@id\":\"https:\/\/aureadermatologia.com.br\/home\/tratamentos\/flacidez\/#primaryimage\",\"url\":\"https:\/\/aureadermatologia.com.br\/home\/wp-content\/uploads\/2022\/12\/flacidez-scaled.jpeg\",\"contentUrl\":\"https:\/\/aureadermatologia.com.br\/home\/wp-content\/uploads\/2022\/12\/flacidez-scaled.jpeg\",\"width\":1707,\"height\":2560,\"caption\":\"young beauty woman wondering that she have wrinkles on her forehead\"},{\"@type\":\"BreadcrumbList\",\"@id\":\"https:\/\/aureadermatologia.com.br\/home\/tratamentos\/flacidez\/#breadcrumb\",\"itemListElement\":[{\"@type\":\"ListItem\",\"position\":1,\"name\":\"In\u00edcio\",\"item\":\"https:\/\/aureadermatologia.com.br\/home\/\"},{\"@type\":\"ListItem\",\"position\":2,\"name\":\"Tratamentos\",\"item\":\"https:\/\/aureadermatologia.com.br\/home\/tratamentos\/\"},{\"@type\":\"ListItem\",\"position\":3,\"name\":\"Flacidez\"}]},{\"@type\":\"WebSite\",\"@id\":\"https:\/\/aureadermatologia.com.br\/home\/#website\",\"url\":\"https:\/\/aureadermatologia.com.br\/home\/\",\"name\":\"Aurea Dermatologia Integrada\",\"description\":\"Uma Cl\u00ednica de dermatologia que tamb\u00e9m \u00e9 uma galeria de arte.  Dermatologistas de excel\u00eancia. As melhores t\u00e9cnicas e produtos de qualidade  para tratamentos personalizados e resultados naturais.\",\"publisher\":{\"@id\":\"https:\/\/aureadermatologia.com.br\/home\/#organization\"},\"potentialAction\":[{\"@type\":\"SearchAction\",\"target\":{\"@type\":\"EntryPoint\",\"urlTemplate\":\"https:\/\/aureadermatologia.com.br\/home\/?s={search_term_string}\"},\"query-input\":\"required name=search_term_string\"}],\"inLanguage\":\"pt-BR\"},{\"@type\":\"Organization\",\"@id\":\"https:\/\/aureadermatologia.com.br\/home\/#organization\",\"name\":\"Aurea Dermatologia Integrada\",\"url\":\"https:\/\/aureadermatologia.com.br\/home\/\",\"logo\":{\"@type\":\"ImageObject\",\"inLanguage\":\"pt-BR\",\"@id\":\"https:\/\/aureadermatologia.com.br\/home\/#\/schema\/logo\/image\/\",\"url\":\"https:\/\/aureadermatologia.com.br\/home\/wp-content\/uploads\/2022\/11\/Marca-Aurea-Dermo-03.png\",\"contentUrl\":\"https:\/\/aureadermatologia.com.br\/home\/wp-content\/uploads\/2022\/11\/Marca-Aurea-Dermo-03.png\",\"width\":3509,\"height\":2481,\"caption\":\"Aurea Dermatologia Integrada\"},\"image\":{\"@id\":\"https:\/\/aureadermatologia.com.br\/home\/#\/schema\/logo\/image\/\"},\"sameAs\":[\"https:\/\/www.facebook.com\/aurea.dermatologia\/\",\"https:\/\/www.instagram.com\/aurea.dermatologia\/\",\"https:\/\/www.youtube.com\/@aurea.dermatologia\/\"]}]}<\/script>\n<!-- \/ Yoast SEO plugin. -->","yoast_head_json":{"title":"Tratamento de Flacidez Facial e Corporal em Salvador | Cl\u00ednica de Dermatologia \u00c1urea","description":"A flacidez acontece devido ao processo natural de envelhecimento da pele. O tratamento preventivo faz muita diferen\u00e7a. Fa\u00e7a o seu protocolo!","robots":{"index":"index","follow":"follow","max-snippet":"max-snippet:-1","max-image-preview":"max-image-preview:large","max-video-preview":"max-video-preview:-1"},"canonical":"https:\/\/aureadermatologia.com.br\/home\/tratamentos\/flacidez\/","og_locale":"pt_BR","og_type":"article","og_title":"Tratamento de Flacidez Facial e Corporal em Salvador | Cl\u00ednica de Dermatologia \u00c1urea","og_description":"A flacidez acontece devido ao processo natural de envelhecimento da pele. O tratamento preventivo faz muita diferen\u00e7a. Fa\u00e7a o seu protocolo!","og_url":"https:\/\/aureadermatologia.com.br\/home\/tratamentos\/flacidez\/","og_site_name":"Aurea Dermatologia Integrada","article_publisher":"https:\/\/www.facebook.com\/aurea.dermatologia\/","article_modified_time":"2023-09-05T15:39:04+00:00","og_image":[{"width":1707,"height":2560,"url":"https:\/\/aureadermatologia.com.br\/home\/wp-content\/uploads\/2022\/12\/flacidez-scaled.jpeg","type":"image\/jpeg"}],"twitter_card":"summary_large_image","schema":{"@context":"https:\/\/schema.org","@graph":[{"@type":"WebPage","@id":"https:\/\/aureadermatologia.com.br\/home\/tratamentos\/flacidez\/","url":"https:\/\/aureadermatologia.com.br\/home\/tratamentos\/flacidez\/","name":"Tratamento de Flacidez Facial e Corporal em Salvador | Cl\u00ednica de Dermatologia \u00c1urea","isPartOf":{"@id":"https:\/\/aureadermatologia.com.br\/home\/#website"},"primaryImageOfPage":{"@id":"https:\/\/aureadermatologia.com.br\/home\/tratamentos\/flacidez\/#primaryimage"},"image":{"@id":"https:\/\/aureadermatologia.com.br\/home\/tratamentos\/flacidez\/#primaryimage"},"thumbnailUrl":"https:\/\/aureadermatologia.com.br\/home\/wp-content\/uploads\/2022\/12\/flacidez-scaled.jpeg","datePublished":"2022-11-13T21:22:51+00:00","dateModified":"2023-09-05T15:39:04+00:00","description":"A flacidez acontece devido ao processo natural de envelhecimento da pele. O tratamento preventivo faz muita diferen\u00e7a. Fa\u00e7a o seu protocolo!","breadcrumb":{"@id":"https:\/\/aureadermatologia.com.br\/home\/tratamentos\/flacidez\/#breadcrumb"},"inLanguage":"pt-BR","potentialAction":[{"@type":"ReadAction","target":["https:\/\/aureadermatologia.com.br\/home\/tratamentos\/flacidez\/"]}]},{"@type":"ImageObject","inLanguage":"pt-BR","@id":"https:\/\/aureadermatologia.com.br\/home\/tratamentos\/flacidez\/#primaryimage","url":"https:\/\/aureadermatologia.com.br\/home\/wp-content\/uploads\/2022\/12\/flacidez-scaled.jpeg","contentUrl":"https:\/\/aureadermatologia.com.br\/home\/wp-content\/uploads\/2022\/12\/flacidez-scaled.jpeg","width":1707,"height":2560,"caption":"young beauty woman wondering that she have wrinkles on her forehead"},{"@type":"BreadcrumbList","@id":"https:\/\/aureadermatologia.com.br\/home\/tratamentos\/flacidez\/#breadcrumb","itemListElement":[{"@type":"ListItem","position":1,"name":"In\u00edcio","item":"https:\/\/aureadermatologia.com.br\/home\/"},{"@type":"ListItem","position":2,"name":"Tratamentos","item":"https:\/\/aureadermatologia.com.br\/home\/tratamentos\/"},{"@type":"ListItem","position":3,"name":"Flacidez"}]},{"@type":"WebSite","@id":"https:\/\/aureadermatologia.com.br\/home\/#website","url":"https:\/\/aureadermatologia.com.br\/home\/","name":"Aurea Dermatologia Integrada","description":"Uma Cl\u00ednica de dermatologia que tamb\u00e9m \u00e9 uma galeria de arte.  Dermatologistas de excel\u00eancia. As melhores t\u00e9cnicas e produtos de qualidade  para tratamentos personalizados e resultados naturais.","publisher":{"@id":"https:\/\/aureadermatologia.com.br\/home\/#organization"},"potentialAction":[{"@type":"SearchAction","target":{"@type":"EntryPoint","urlTemplate":"https:\/\/aureadermatologia.com.br\/home\/?s={search_term_string}"},"query-input":"required name=search_term_string"}],"inLanguage":"pt-BR"},{"@type":"Organization","@id":"https:\/\/aureadermatologia.com.br\/home\/#organization","name":"Aurea Dermatologia Integrada","url":"https:\/\/aureadermatologia.com.br\/home\/","logo":{"@type":"ImageObject","inLanguage":"pt-BR","@id":"https:\/\/aureadermatologia.com.br\/home\/#\/schema\/logo\/image\/","url":"https:\/\/aureadermatologia.com.br\/home\/wp-content\/uploads\/2022\/11\/Marca-Aurea-Dermo-03.png","contentUrl":"https:\/\/aureadermatologia.com.br\/home\/wp-content\/uploads\/2022\/11\/Marca-Aurea-Dermo-03.png","width":3509,"height":2481,"caption":"Aurea Dermatologia Integrada"},"image":{"@id":"https:\/\/aureadermatologia.com.br\/home\/#\/schema\/logo\/image\/"},"sameAs":["https:\/\/www.facebook.com\/aurea.dermatologia\/","https:\/\/www.instagram.com\/aurea.dermatologia\/","https:\/\/www.youtube.com\/@aurea.dermatologia\/"]}]}},"_links":{"self":[{"href":"https:\/\/aureadermatologia.com.br\/home\/wp-json\/wp\/v2\/pages\/4092","targetHints":{"allow":["GET"]}}],"collection":[{"href":"https:\/\/aureadermatologia.com.br\/home\/wp-json\/wp\/v2\/pages"}],"about":[{"href":"https:\/\/aureadermatologia.com.br\/home\/wp-json\/wp\/v2\/types\/page"}],"author":[{"embeddable":true,"href":"https:\/\/aureadermatologia.com.br\/home\/wp-json\/wp\/v2\/users\/1"}],"replies":[{"embeddable":true,"href":"https:\/\/aureadermatologia.com.br\/home\/wp-json\/wp\/v2\/comments?post=4092"}],"version-history":[{"count":3,"href":"https:\/\/aureadermatologia.com.br\/home\/wp-json\/wp\/v2\/pages\/4092\/revisions"}],"predecessor-version":[{"id":5183,"href":"https:\/\/aureadermatologia.com.br\/home\/wp-json\/wp\/v2\/pages\/4092\/revisions\/5183"}],"up":[{"embeddable":true,"href":"https:\/\/aureadermatologia.com.br\/home\/wp-json\/wp\/v2\/pages\/4090"}],"wp:featuredmedia":[{"embeddable":true,"href":"https:\/\/aureadermatologia.com.br\/home\/wp-json\/wp\/v2\/media\/4950"}],"wp:attachment":[{"href":"https:\/\/aureadermatologia.com.br\/home\/wp-json\/wp\/v2\/media?parent=4092"}],"curies":[{"name":"wp","href":"https:\/\/api.w.org\/{rel}","templated":true}]}}